{"id":159,"date":"2022-02-16T15:31:50","date_gmt":"2022-02-16T14:31:50","guid":{"rendered":"https:\/\/xn--infravrmare-q8a.se\/?page_id=159"},"modified":"2022-02-16T15:31:50","modified_gmt":"2022-02-16T14:31:50","slug":"aterforsaljare","status":"publish","type":"page","link":"https:\/\/xn--infravrmare-q8a.se\/?page_id=159","title":{"rendered":"\u00c5terf\u00f6rs\u00e4ljare"},"content":{"rendered":"","protected":false},"excerpt":{"rendered":"","protected":false},"author":1,"featured_media":0,"parent":0,"menu_order":0,"comment_status":"closed","ping_status":"closed","template":"","meta":[],"_links":{"self":[{"href":"https:\/\/xn--infravrmare-q8a.se\/index.php?rest_route=\/wp\/v2\/pages\/159"}],"collection":[{"href":"https:\/\/xn--infravrmare-q8a.se\/index.php?rest_route=\/wp\/v2\/pages"}],"about":[{"href":"https:\/\/xn--infravrmare-q8a.se\/index.php?rest_route=\/wp\/v2\/types\/page"}],"author":[{"embeddable":true,"href":"https:\/\/xn--infravrmare-q8a.se\/index.php?rest_route=\/wp\/v2\/users\/1"}],"replies":[{"embeddable":true,"href":"https:\/\/xn--infravrmare-q8a.se\/index.php?rest_route=%2Fwp%2Fv2%2Fcomments&post=159"}],"version-history":[{"count":0,"href":"https:\/\/xn--infravrmare-q8a.se\/index.php?rest_route=\/wp\/v2\/pages\/159\/revisions"}],"wp:attachment":[{"href":"https:\/\/xn--infravrmare-q8a.se\/index.php?rest_route=%2Fwp%2Fv2%2Fmedia&parent=159"}],"curies":[{"name":"wp","href":"https:\/\/api.w.org\/{rel}","templated":true}]}}